{"id":599,"date":"2024-11-28T08:55:12","date_gmt":"2024-11-28T07:55:12","guid":{"rendered":"https:\/\/visnisko.pl\/?page_id=599"},"modified":"2026-04-08T08:37:26","modified_gmt":"2026-04-08T06:37:26","slug":"zapisy","status":"publish","type":"page","link":"https:\/\/visnisko.pl\/index.php\/zawody\/zapisy\/","title":{"rendered":"Zapisy"},"content":{"rendered":"\n<div class=\"wp-block-stackable-spacer stk-block-spacer stk--no-padding stk-block stk-b221cc3\" data-block-id=\"b221cc3\"><style>.stk-b221cc3 {height:50px !important;}<\/style><\/div>\n\n\n\n<div class=\"wp-block-stackable-columns stk-block-columns stk-block stk-636a21a\" data-block-id=\"636a21a\"><div class=\"stk-row stk-inner-blocks stk-block-content stk-content-align stk-636a21a-column\">\n<div class=\"wp-block-stackable-column stk-block-column stk-column stk-block stk-6965000\" data-v=\"4\" data-block-id=\"6965000\"><div class=\"stk-column-wrapper stk-block-column__content stk-container stk-6965000-container stk--no-background stk--no-padding\"><div class=\"stk-block-content stk-inner-blocks stk-6965000-inner-blocks\">\n<h4 class=\"wp-block-heading\">Zapisy na zawody strzeleckie &#8222;Licencja PZSS 1\/2&#8221; &#8211; 11 kwietnia 2026<\/h4>\n\n\n\n<h6 class=\"wp-block-heading\"><span style=\"color: var(--theme-palette-color-3, #595970);\" class=\"stk-highlight\">Zapisy<\/span><\/h6>\n\n\n\n<div class=\"forminator-guttenberg\"><div class=\"forminator-ui forminator-custom-form forminator-custom-form-828 forminator-design--default  \" data-forminator-render=\"0\" data-form=\"forminator-module-828\" data-uid=\"69d64fae54c22\"><br\/><\/div><form\n\t\t\t\tid=\"forminator-module-828\"\n\t\t\t\tclass=\"forminator-ui forminator-custom-form forminator-custom-form-828 forminator-design--default  \"\n\t\t\t\tmethod=\"post\"\n\t\t\t\tdata-forminator-render=\"0\"\n\t\t\t\tdata-form-id=\"828\"\n\t\t\t\t\n\t\t\t\tdata-design=\"default\"\n\t\t\t\t\n\t\t\t\t\n\t\t\t\t\n\t\t\t\tdata-grid=\"open\"\n\t\t\t\t\n\t\t\t\t\n\t\t\t\tstyle=\"display: none;\"\n\t\t\t\t\n\t\t\t\tdata-uid=\"69d64fae54c22\"\n\t\t\t><div role=\"alert\" aria-live=\"polite\" class=\"forminator-response-message forminator-error\" aria-hidden=\"true\"><\/div><div class=\"forminator-row\"><div id=\"name-1\" class=\"forminator-field-name forminator-col forminator-col-12 \"><div class=\"forminator-field\"><label for=\"forminator-field-name-1_69d64fae54c22\" id=\"forminator-field-name-1_69d64fae54c22-label\" class=\"forminator-label\">Imi\u0119 i nazwisko <span class=\"forminator-required\">*<\/span><\/label><input type=\"text\" name=\"name-1\" value=\"\" placeholder=\"Przyk\u0142ad: Jan Kowalski\" id=\"forminator-field-name-1_69d64fae54c22\" class=\"forminator-input forminator-name--field\" aria-required=\"true\" \/><\/div><\/div><\/div><div class=\"forminator-row\"><div id=\"text-1\" class=\"forminator-field-text forminator-col forminator-col-12 \"><div class=\"forminator-field\"><label for=\"forminator-field-text-1_69d64fae54c22\" id=\"forminator-field-text-1_69d64fae54c22-label\" class=\"forminator-label\">Klub <span class=\"forminator-required\">*<\/span><\/label><input type=\"text\" name=\"text-1\" value=\"\" placeholder=\"Przyk\u0142ad: K\u017bRiKB VIS Nisko\" id=\"forminator-field-text-1_69d64fae54c22\" class=\"forminator-input forminator-name--field\" data-required=\"1\" \/><\/div><\/div><\/div><div class=\"forminator-row\"><div id=\"text-2\" class=\"forminator-field-text forminator-col forminator-col-12 \"><div class=\"forminator-field\"><label for=\"forminator-field-text-2_69d64fae54c22\" id=\"forminator-field-text-2_69d64fae54c22-label\" class=\"forminator-label\">Numer licencji zawodniczej PZSS <span class=\"forminator-required\">*<\/span><\/label><input type=\"text\" name=\"text-2\" value=\"\" placeholder=\"Przyk\u0142ad: L-123456\" id=\"forminator-field-text-2_69d64fae54c22\" class=\"forminator-input forminator-name--field\" data-required=\"1\" \/><\/div><\/div><\/div><div class=\"forminator-row\"><div id=\"checkbox-1\" class=\"forminator-field-checkbox forminator-col forminator-col-12 \"><div role=\"group\" class=\"forminator-field required\" aria-labelledby=\"forminator-checkbox-group-69d64fae54c22-label\"><label id=\"forminator-field-checkbox-1-1-69d64fae54c22-label\" for=\"forminator-field-checkbox-1-1-69d64fae54c22\" class=\"forminator-checkbox\" title=\"Zgadzam si\u0119 na przetwarzanie moich danych osobowych przez Klub \u017bo\u0142nierzy Rezerwy i Kolekcjoner\u00f3w Broni VIS Nisko w celu organizacji i przeprowadzenia zawod\u00f3w strzeleckich, w tym weryfikacji zg\u0142osze\u0144, tworzenia list startowych oraz publikacji wynik\u00f3w.\"><input type=\"checkbox\" name=\"checkbox-1[]\" value=\"one\" id=\"forminator-field-checkbox-1-1-69d64fae54c22\" aria-labelledby=\"forminator-field-checkbox-1-1-69d64fae54c22-label\" data-calculation=\"0\"   data-hidden-behavior=\"zero\"\/><span class=\"forminator-checkbox-box\" aria-hidden=\"true\"><\/span><span class=\"forminator-checkbox-label\">Zgadzam si\u0119 na przetwarzanie moich danych osobowych przez Klub \u017bo\u0142nierzy Rezerwy i Kolekcjoner\u00f3w Broni VIS Nisko w celu organizacji i przeprowadzenia zawod\u00f3w strzeleckich, w tym weryfikacji zg\u0142osze\u0144, tworzenia list startowych oraz publikacji wynik\u00f3w.<\/span><\/label><\/div><\/div><\/div><div class=\"forminator-row\"><div id=\"checkbox-2\" class=\"forminator-field-checkbox forminator-col forminator-col-12 \"><div role=\"group\" class=\"forminator-field required\" aria-labelledby=\"forminator-checkbox-group-69d64fae54c22-label\"><label id=\"forminator-field-checkbox-2-1-69d64fae54c22-label\" for=\"forminator-field-checkbox-2-1-69d64fae54c22\" class=\"forminator-checkbox\" title=\"Zgadzam si\u0119 na uiszczenie wp\u0142aty wpisowego nawet w przypadku mojej nieobecno\u015bci na zawodach. Wp\u0142acone wpisowe nie podlega zwrotowi, zgodnie z regulaminem zawod\u00f3w.\"><input type=\"checkbox\" name=\"checkbox-2[]\" value=\"one\" id=\"forminator-field-checkbox-2-1-69d64fae54c22\" aria-labelledby=\"forminator-field-checkbox-2-1-69d64fae54c22-label\" data-calculation=\"0\"   data-hidden-behavior=\"zero\"\/><span class=\"forminator-checkbox-box\" aria-hidden=\"true\"><\/span><span class=\"forminator-checkbox-label\">Zgadzam si\u0119 na uiszczenie wp\u0142aty wpisowego nawet w przypadku mojej nieobecno\u015bci na zawodach. Wp\u0142acone wpisowe nie podlega zwrotowi, zgodnie z regulaminem zawod\u00f3w.<\/span><\/label><\/div><\/div><\/div><div class=\"forminator-row\"><div id=\"checkbox-3\" class=\"forminator-field-checkbox forminator-col forminator-col-12 \"><div role=\"group\" class=\"forminator-field required\" aria-labelledby=\"forminator-checkbox-group-69d64fae54c22-label\"><label id=\"forminator-field-checkbox-3-1-69d64fae54c22-label\" for=\"forminator-field-checkbox-3-1-69d64fae54c22\" class=\"forminator-checkbox\" title=\"O\u015bwiadczam, \u017ce zapozna\u0142em(-am) si\u0119 z tre\u015bci\u0105 polityki prywatno\u015bci. (Zak\u0142adka &quot;Dokumenty&quot;)\"><input type=\"checkbox\" name=\"checkbox-3[]\" value=\"one\" id=\"forminator-field-checkbox-3-1-69d64fae54c22\" aria-labelledby=\"forminator-field-checkbox-3-1-69d64fae54c22-label\" data-calculation=\"0\"   data-hidden-behavior=\"zero\"\/><span class=\"forminator-checkbox-box\" aria-hidden=\"true\"><\/span><span class=\"forminator-checkbox-label\">O\u015bwiadczam, \u017ce zapozna\u0142em(-am) si\u0119 z tre\u015bci\u0105 polityki prywatno\u015bci. (Zak\u0142adka \"Dokumenty\")<\/span><\/label><\/div><\/div><\/div><input type=\"hidden\" name=\"referer_url\" value=\"\" \/><div class=\"forminator-row forminator-row-last\"><div class=\"forminator-col\"><div class=\"forminator-field\"><button class=\"forminator-button forminator-button-submit\">Zapisz<\/button><\/div><\/div><\/div><input type=\"hidden\" id=\"forminator_nonce\" name=\"forminator_nonce\" value=\"641d06f520\" \/><input type=\"hidden\" name=\"_wp_http_referer\" value=\"\/index.php\/wp-json\/wp\/v2\/pages\/599\" \/><input type=\"hidden\" name=\"form_id\" value=\"828\"><input type=\"hidden\" name=\"page_id\" value=\"599\"><input type=\"hidden\" name=\"form_type\" value=\"default\"><input type=\"hidden\" name=\"current_url\" value=\"https:\/\/visnisko.pl\/index.php\/zawody\/zapisy\/\"><input type=\"hidden\" name=\"render_id\" value=\"0\"><input type=\"hidden\" name=\"action\" value=\"forminator_submit_form_custom-forms\"><\/form><\/div>\n\n\n\n<h6 class=\"wp-block-heading\"><span style=\"color: var(--theme-palette-color-3, #595970);\" class=\"stk-highlight\">Regulamin<\/span><\/h6>\n\n\n\n<div data-wp-interactive=\"core\/file\" class=\"wp-block-file\"><object data-wp-bind--hidden=\"!state.hasPdfPreview\" hidden class=\"wp-block-file__embed\" data=\"https:\/\/visnisko.pl\/wp-content\/uploads\/2026\/04\/eksport-Zawody-11.04.2026.pdf\" type=\"application\/pdf\" style=\"width:100%;height:600px\" aria-label=\"Osadzone z eksport Zawody 11.04.2026.\"><\/object><a id=\"wp-block-file--media-4d754066-8c40-4843-b703-bc63cbca2522\" href=\"https:\/\/visnisko.pl\/wp-content\/uploads\/2026\/04\/eksport-Zawody-11.04.2026.pdf\">eksport Zawody 11.04.2026<\/a><a href=\"https:\/\/visnisko.pl\/wp-content\/uploads\/2026\/04\/eksport-Zawody-11.04.2026.pdf\" class=\"wp-block-file__button wp-element-button\" download aria-describedby=\"wp-block-file--media-4d754066-8c40-4843-b703-bc63cbca2522\">Pobierz<\/a><\/div>\n<\/div><\/div><\/div>\n\n\n\n<div class=\"wp-block-stackable-column stk-block-column stk-column stk-block stk-80394df\" data-v=\"4\" data-block-id=\"80394df\"><div class=\"stk-column-wrapper stk-block-column__content stk-container stk-80394df-container stk--no-background stk--no-padding\"><div class=\"stk-block-content stk-inner-blocks stk-80394df-inner-blocks\">\n<h4 class=\"wp-block-heading\">Zapisani zawodnicy<\/h4>\n\n\n\n\n<\/div><\/div><\/div>\n<\/div><\/div>\n\n\n\n<div class=\"wp-block-stackable-spacer stk-block-spacer stk--no-padding stk-block stk-8bd97c9\" data-block-id=\"8bd97c9\"><style>.stk-8bd97c9 {height:150px !important;}<\/style><\/div>\n\n\n\n<p><\/p>\n","protected":false},"excerpt":{"rendered":"<p>Zapisy na zawody strzeleckie &#8222;Licencja PZSS 1\/2&#8221; &#8211; 11 kwietnia 2026 Zapisy Regulamin Zapisani zawodnicy<\/p>\n","protected":false},"author":1,"featured_media":0,"parent":1132,"menu_order":0,"comment_status":"closed","ping_status":"closed","template":"","meta":{"footnotes":""},"class_list":["post-599","page","type-page","status-publish","hentry"],"blocksy_meta":[],"yoast_head":"<!-- This site is optimized with the Yoast SEO plugin v24.1 - https:\/\/yoast.com\/wordpress\/plugins\/seo\/ -->\n<title>Zapisy - Klub \u017bo\u0142nierzy Rezerwy i Kolekcjoner\u00f3w Broni VIS Nisko<\/title>\n<meta name=\"description\" content=\"Zapisz si\u0119 na zawody strzeleckie organizowane przez Klub \u017bo\u0142nierzy Rezerwy i Kolekcjoner\u00f3w Broni VIS Nisko. Formularz zg\u0142oszeniowy online.\" \/>\n<meta name=\"robots\" content=\"index, follow, max-snippet:-1, max-image-preview:large, max-video-preview:-1\" \/>\n<link rel=\"canonical\" href=\"https:\/\/visnisko.pl\/index.php\/zawody\/zapisy\/\" \/>\n<meta property=\"og:locale\" content=\"pl_PL\" \/>\n<meta property=\"og:type\" content=\"article\" \/>\n<meta property=\"og:title\" content=\"Zapisy - Klub \u017bo\u0142nierzy Rezerwy i Kolekcjoner\u00f3w Broni VIS Nisko\" \/>\n<meta property=\"og:description\" content=\"Zapisz si\u0119 na zawody strzeleckie organizowane przez Klub \u017bo\u0142nierzy Rezerwy i Kolekcjoner\u00f3w Broni VIS Nisko. Formularz zg\u0142oszeniowy online.\" \/>\n<meta property=\"og:url\" content=\"https:\/\/visnisko.pl\/index.php\/zawody\/zapisy\/\" \/>\n<meta property=\"og:site_name\" content=\"Klub \u017bo\u0142nierzy Rezerwy i Kolekcjoner\u00f3w Broni VIS Nisko\" \/>\n<meta property=\"article:modified_time\" content=\"2026-04-08T06:37:26+00:00\" \/>\n<meta name=\"twitter:card\" content=\"summary_large_image\" \/>\n<meta name=\"twitter:label1\" content=\"Szacowany czas czytania\" \/>\n\t<meta name=\"twitter:data1\" content=\"1 minuta\" \/>\n<script type=\"application\/ld+json\" class=\"yoast-schema-graph\">{\"@context\":\"https:\/\/schema.org\",\"@graph\":[{\"@type\":\"WebPage\",\"@id\":\"https:\/\/visnisko.pl\/index.php\/zawody\/zapisy\/\",\"url\":\"https:\/\/visnisko.pl\/index.php\/zawody\/zapisy\/\",\"name\":\"Zapisy - Klub \u017bo\u0142nierzy Rezerwy i Kolekcjoner\u00f3w Broni VIS Nisko\",\"isPartOf\":{\"@id\":\"https:\/\/visnisko.pl\/#website\"},\"datePublished\":\"2024-11-28T07:55:12+00:00\",\"dateModified\":\"2026-04-08T06:37:26+00:00\",\"description\":\"Zapisz si\u0119 na zawody strzeleckie organizowane przez Klub \u017bo\u0142nierzy Rezerwy i Kolekcjoner\u00f3w Broni VIS Nisko. Formularz zg\u0142oszeniowy online.\",\"breadcrumb\":{\"@id\":\"https:\/\/visnisko.pl\/index.php\/zawody\/zapisy\/#breadcrumb\"},\"inLanguage\":\"pl-PL\",\"potentialAction\":[{\"@type\":\"ReadAction\",\"target\":[\"https:\/\/visnisko.pl\/index.php\/zawody\/zapisy\/\"]}]},{\"@type\":\"BreadcrumbList\",\"@id\":\"https:\/\/visnisko.pl\/index.php\/zawody\/zapisy\/#breadcrumb\",\"itemListElement\":[{\"@type\":\"ListItem\",\"position\":1,\"name\":\"Strona g\u0142\u00f3wna\",\"item\":\"https:\/\/visnisko.pl\/\"},{\"@type\":\"ListItem\",\"position\":2,\"name\":\"Zawody\",\"item\":\"https:\/\/visnisko.pl\/index.php\/zawody\/\"},{\"@type\":\"ListItem\",\"position\":3,\"name\":\"Zapisy\"}]},{\"@type\":\"WebSite\",\"@id\":\"https:\/\/visnisko.pl\/#website\",\"url\":\"https:\/\/visnisko.pl\/\",\"name\":\"Klub \u017bo\u0142nierzy Rezerwy i Kolekcjoner\u00f3w Broni VIS Nisko\",\"description\":\"Strona po\u015bwi\u0119cona dzia\u0142alno\u015bci K\u017bRiKB VIS Nisko , w tym wydarzeniom, zawodom strzeleckim, aktualno\u015bciom.\",\"publisher\":{\"@id\":\"https:\/\/visnisko.pl\/#organization\"},\"alternateName\":\"K\u017bRiKB VIS Nisko\",\"potentialAction\":[{\"@type\":\"SearchAction\",\"target\":{\"@type\":\"EntryPoint\",\"urlTemplate\":\"https:\/\/visnisko.pl\/?s={search_term_string}\"},\"query-input\":{\"@type\":\"PropertyValueSpecification\",\"valueRequired\":true,\"valueName\":\"search_term_string\"}}],\"inLanguage\":\"pl-PL\"},{\"@type\":\"Organization\",\"@id\":\"https:\/\/visnisko.pl\/#organization\",\"name\":\"Klub \u017bo\u0142nierzy Rezerwy i Kolekcjoner\u00f3w Broni VIS Nisko\",\"alternateName\":\"K\u017bRiKB VIS Nisko\",\"url\":\"https:\/\/visnisko.pl\/\",\"logo\":{\"@type\":\"ImageObject\",\"inLanguage\":\"pl-PL\",\"@id\":\"https:\/\/visnisko.pl\/#\/schema\/logo\/image\/\",\"url\":\"https:\/\/visnisko.pl\/wp-content\/uploads\/2024\/11\/cropped-30e359logo-new.png\",\"contentUrl\":\"https:\/\/visnisko.pl\/wp-content\/uploads\/2024\/11\/cropped-30e359logo-new.png\",\"width\":512,\"height\":512,\"caption\":\"Klub \u017bo\u0142nierzy Rezerwy i Kolekcjoner\u00f3w Broni VIS Nisko\"},\"image\":{\"@id\":\"https:\/\/visnisko.pl\/#\/schema\/logo\/image\/\"}}]}<\/script>\n<!-- \/ Yoast SEO plugin. -->","yoast_head_json":{"title":"Zapisy - Klub \u017bo\u0142nierzy Rezerwy i Kolekcjoner\u00f3w Broni VIS Nisko","description":"Zapisz si\u0119 na zawody strzeleckie organizowane przez Klub \u017bo\u0142nierzy Rezerwy i Kolekcjoner\u00f3w Broni VIS Nisko. Formularz zg\u0142oszeniowy online.","robots":{"index":"index","follow":"follow","max-snippet":"max-snippet:-1","max-image-preview":"max-image-preview:large","max-video-preview":"max-video-preview:-1"},"canonical":"https:\/\/visnisko.pl\/index.php\/zawody\/zapisy\/","og_locale":"pl_PL","og_type":"article","og_title":"Zapisy - Klub \u017bo\u0142nierzy Rezerwy i Kolekcjoner\u00f3w Broni VIS Nisko","og_description":"Zapisz si\u0119 na zawody strzeleckie organizowane przez Klub \u017bo\u0142nierzy Rezerwy i Kolekcjoner\u00f3w Broni VIS Nisko. Formularz zg\u0142oszeniowy online.","og_url":"https:\/\/visnisko.pl\/index.php\/zawody\/zapisy\/","og_site_name":"Klub \u017bo\u0142nierzy Rezerwy i Kolekcjoner\u00f3w Broni VIS Nisko","article_modified_time":"2026-04-08T06:37:26+00:00","twitter_card":"summary_large_image","twitter_misc":{"Szacowany czas czytania":"1 minuta"},"schema":{"@context":"https:\/\/schema.org","@graph":[{"@type":"WebPage","@id":"https:\/\/visnisko.pl\/index.php\/zawody\/zapisy\/","url":"https:\/\/visnisko.pl\/index.php\/zawody\/zapisy\/","name":"Zapisy - Klub \u017bo\u0142nierzy Rezerwy i Kolekcjoner\u00f3w Broni VIS Nisko","isPartOf":{"@id":"https:\/\/visnisko.pl\/#website"},"datePublished":"2024-11-28T07:55:12+00:00","dateModified":"2026-04-08T06:37:26+00:00","description":"Zapisz si\u0119 na zawody strzeleckie organizowane przez Klub \u017bo\u0142nierzy Rezerwy i Kolekcjoner\u00f3w Broni VIS Nisko. Formularz zg\u0142oszeniowy online.","breadcrumb":{"@id":"https:\/\/visnisko.pl\/index.php\/zawody\/zapisy\/#breadcrumb"},"inLanguage":"pl-PL","potentialAction":[{"@type":"ReadAction","target":["https:\/\/visnisko.pl\/index.php\/zawody\/zapisy\/"]}]},{"@type":"BreadcrumbList","@id":"https:\/\/visnisko.pl\/index.php\/zawody\/zapisy\/#breadcrumb","itemListElement":[{"@type":"ListItem","position":1,"name":"Strona g\u0142\u00f3wna","item":"https:\/\/visnisko.pl\/"},{"@type":"ListItem","position":2,"name":"Zawody","item":"https:\/\/visnisko.pl\/index.php\/zawody\/"},{"@type":"ListItem","position":3,"name":"Zapisy"}]},{"@type":"WebSite","@id":"https:\/\/visnisko.pl\/#website","url":"https:\/\/visnisko.pl\/","name":"Klub \u017bo\u0142nierzy Rezerwy i Kolekcjoner\u00f3w Broni VIS Nisko","description":"Strona po\u015bwi\u0119cona dzia\u0142alno\u015bci K\u017bRiKB VIS Nisko , w tym wydarzeniom, zawodom strzeleckim, aktualno\u015bciom.","publisher":{"@id":"https:\/\/visnisko.pl\/#organization"},"alternateName":"K\u017bRiKB VIS Nisko","potentialAction":[{"@type":"SearchAction","target":{"@type":"EntryPoint","urlTemplate":"https:\/\/visnisko.pl\/?s={search_term_string}"},"query-input":{"@type":"PropertyValueSpecification","valueRequired":true,"valueName":"search_term_string"}}],"inLanguage":"pl-PL"},{"@type":"Organization","@id":"https:\/\/visnisko.pl\/#organization","name":"Klub \u017bo\u0142nierzy Rezerwy i Kolekcjoner\u00f3w Broni VIS Nisko","alternateName":"K\u017bRiKB VIS Nisko","url":"https:\/\/visnisko.pl\/","logo":{"@type":"ImageObject","inLanguage":"pl-PL","@id":"https:\/\/visnisko.pl\/#\/schema\/logo\/image\/","url":"https:\/\/visnisko.pl\/wp-content\/uploads\/2024\/11\/cropped-30e359logo-new.png","contentUrl":"https:\/\/visnisko.pl\/wp-content\/uploads\/2024\/11\/cropped-30e359logo-new.png","width":512,"height":512,"caption":"Klub \u017bo\u0142nierzy Rezerwy i Kolekcjoner\u00f3w Broni VIS Nisko"},"image":{"@id":"https:\/\/visnisko.pl\/#\/schema\/logo\/image\/"}}]}},"_links":{"self":[{"href":"https:\/\/visnisko.pl\/index.php\/wp-json\/wp\/v2\/pages\/599","targetHints":{"allow":["GET"]}}],"collection":[{"href":"https:\/\/visnisko.pl\/index.php\/wp-json\/wp\/v2\/pages"}],"about":[{"href":"https:\/\/visnisko.pl\/index.php\/wp-json\/wp\/v2\/types\/page"}],"author":[{"embeddable":true,"href":"https:\/\/visnisko.pl\/index.php\/wp-json\/wp\/v2\/users\/1"}],"replies":[{"embeddable":true,"href":"https:\/\/visnisko.pl\/index.php\/wp-json\/wp\/v2\/comments?post=599"}],"version-history":[{"count":29,"href":"https:\/\/visnisko.pl\/index.php\/wp-json\/wp\/v2\/pages\/599\/revisions"}],"predecessor-version":[{"id":1146,"href":"https:\/\/visnisko.pl\/index.php\/wp-json\/wp\/v2\/pages\/599\/revisions\/1146"}],"up":[{"embeddable":true,"href":"https:\/\/visnisko.pl\/index.php\/wp-json\/wp\/v2\/pages\/1132"}],"wp:attachment":[{"href":"https:\/\/visnisko.pl\/index.php\/wp-json\/wp\/v2\/media?parent=599"}],"curies":[{"name":"wp","href":"https:\/\/api.w.org\/{rel}","templated":true}]}}